{"id":5839,"date":"2019-11-06T14:24:04","date_gmt":"2019-11-06T13:24:04","guid":{"rendered":"http:\/\/www.hochleitner.ch\/entreprise\/durabilite\/"},"modified":"2019-11-06T14:25:07","modified_gmt":"2019-11-06T13:25:07","slug":"durabilite","status":"publish","type":"page","link":"https:\/\/www.hochleitner.ch\/fr\/entreprise\/durabilite\/","title":{"rendered":"Durabilit\u00e9"},"content":{"rendered":"<div id=\"cs-content\" class=\"cs-content\"><\/div>\n","protected":false},"excerpt":{"rendered":"<p>Durabilit\u00e9 garantieNous portons une attention particuli\u00e8re au respect de la nature et \u00e0 la durabilit\u00e9 qui jouent un r\u00f4le important dans notre secteur. Zertifizierung Schweizer Holz f\u00fcr die GesamtproduktionEins\u00e4tze in FSC-zertifizierten W\u00e4ldern Naturnahe Erntetechniken in Zusammenarbeit mit Forst- und WaldwirtschaftsfachleutenUmwelt- und bodenschonende Methoden zum Schutz des WaldesVerwendung biologisch abbaubarer Hydraulik\u00f6le \/ Sonderkraftstoffe | | \u00a9 Hochleitner AG, alle Rechte vorbehalten.Impressum &#8230; <a href=\"https:\/\/www.hochleitner.ch\/fr\/entreprise\/durabilite\/\" class=\"more-link\">Read More<\/a><\/p>\n","protected":false},"author":10,"featured_media":0,"parent":5825,"menu_order":0,"comment_status":"closed","ping_status":"closed","template":"template-blank-4.php","meta":{"footnotes":""},"yoast_head":"<!-- This site is optimized with the Yoast SEO plugin v21.3 - https:\/\/yoast.com\/wordpress\/plugins\/seo\/ -->\n<title>Durabilit\u00e9 | Hochleitner SA<\/title>\n<meta name=\"description\" content=\"Nous portons une attention particuli\u00e8re au respect de la nature et \u00e0 la durabilit\u00e9 qui jouent un r\u00f4le important dans notre secteur.\" \/>\n<meta name=\"robots\" content=\"index, follow, max-snippet:-1, max-image-preview:large, max-video-preview:-1\" \/>\n<link rel=\"canonical\" href=\"https:\/\/www.hochleitner.ch\/fr\/entreprise\/durabilite\/\" \/>\n<meta property=\"og:locale\" content=\"fr_FR\" \/>\n<meta property=\"og:type\" content=\"article\" \/>\n<meta property=\"og:title\" content=\"Durabilit\u00e9 | Hochleitner SA\" \/>\n<meta property=\"og:description\" content=\"Nous portons une attention particuli\u00e8re au respect de la nature et \u00e0 la durabilit\u00e9 qui jouent un r\u00f4le important dans notre secteur.\" \/>\n<meta property=\"og:url\" content=\"https:\/\/www.hochleitner.ch\/fr\/entreprise\/durabilite\/\" \/>\n<meta property=\"og:site_name\" content=\"Hochleitner AG\" \/>\n<meta property=\"article:modified_time\" content=\"2019-11-06T13:25:07+00:00\" \/>\n<meta name=\"twitter:card\" content=\"summary_large_image\" \/>\n<meta name=\"twitter:label1\" content=\"Dur\u00e9e de lecture estim\u00e9e\" \/>\n\t<meta name=\"twitter:data1\" content=\"2 minutes\" \/>\n<script type=\"application\/ld+json\" class=\"yoast-schema-graph\">{\"@context\":\"https:\/\/schema.org\",\"@graph\":[{\"@type\":\"WebPage\",\"@id\":\"https:\/\/www.hochleitner.ch\/fr\/entreprise\/durabilite\/\",\"url\":\"https:\/\/www.hochleitner.ch\/fr\/entreprise\/durabilite\/\",\"name\":\"Durabilit\u00e9 | Hochleitner SA\",\"isPartOf\":{\"@id\":\"https:\/\/www.hochleitner.ch\/fr\/#website\"},\"datePublished\":\"2019-11-06T13:24:04+00:00\",\"dateModified\":\"2019-11-06T13:25:07+00:00\",\"description\":\"Nous portons une attention particuli\u00e8re au respect de la nature et \u00e0 la durabilit\u00e9 qui jouent un r\u00f4le important dans notre secteur.\",\"breadcrumb\":{\"@id\":\"https:\/\/www.hochleitner.ch\/fr\/entreprise\/durabilite\/#breadcrumb\"},\"inLanguage\":\"fr-FR\",\"potentialAction\":[{\"@type\":\"ReadAction\",\"target\":[\"https:\/\/www.hochleitner.ch\/fr\/entreprise\/durabilite\/\"]}]},{\"@type\":\"BreadcrumbList\",\"@id\":\"https:\/\/www.hochleitner.ch\/fr\/entreprise\/durabilite\/#breadcrumb\",\"itemListElement\":[{\"@type\":\"ListItem\",\"position\":1,\"name\":\"Home\",\"item\":\"https:\/\/www.hochleitner.ch\/fr\/\"},{\"@type\":\"ListItem\",\"position\":2,\"name\":\"Entreprise\",\"item\":\"https:\/\/www.hochleitner.ch\/fr\/entreprise\/\"},{\"@type\":\"ListItem\",\"position\":3,\"name\":\"Durabilit\u00e9\"}]},{\"@type\":\"WebSite\",\"@id\":\"https:\/\/www.hochleitner.ch\/fr\/#website\",\"url\":\"https:\/\/www.hochleitner.ch\/fr\/\",\"name\":\"Hochleitner AG\",\"description\":\"\",\"potentialAction\":[{\"@type\":\"SearchAction\",\"target\":{\"@type\":\"EntryPoint\",\"urlTemplate\":\"https:\/\/www.hochleitner.ch\/fr\/?s={search_term_string}\"},\"query-input\":\"required name=search_term_string\"}],\"inLanguage\":\"fr-FR\"}]}<\/script>\n<!-- \/ Yoast SEO plugin. -->","yoast_head_json":{"title":"Durabilit\u00e9 | Hochleitner SA","description":"Nous portons une attention particuli\u00e8re au respect de la nature et \u00e0 la durabilit\u00e9 qui jouent un r\u00f4le important dans notre secteur.","robots":{"index":"index","follow":"follow","max-snippet":"max-snippet:-1","max-image-preview":"max-image-preview:large","max-video-preview":"max-video-preview:-1"},"canonical":"https:\/\/www.hochleitner.ch\/fr\/entreprise\/durabilite\/","og_locale":"fr_FR","og_type":"article","og_title":"Durabilit\u00e9 | Hochleitner SA","og_description":"Nous portons une attention particuli\u00e8re au respect de la nature et \u00e0 la durabilit\u00e9 qui jouent un r\u00f4le important dans notre secteur.","og_url":"https:\/\/www.hochleitner.ch\/fr\/entreprise\/durabilite\/","og_site_name":"Hochleitner AG","article_modified_time":"2019-11-06T13:25:07+00:00","twitter_card":"summary_large_image","twitter_misc":{"Dur\u00e9e de lecture estim\u00e9e":"2 minutes"},"schema":{"@context":"https:\/\/schema.org","@graph":[{"@type":"WebPage","@id":"https:\/\/www.hochleitner.ch\/fr\/entreprise\/durabilite\/","url":"https:\/\/www.hochleitner.ch\/fr\/entreprise\/durabilite\/","name":"Durabilit\u00e9 | Hochleitner SA","isPartOf":{"@id":"https:\/\/www.hochleitner.ch\/fr\/#website"},"datePublished":"2019-11-06T13:24:04+00:00","dateModified":"2019-11-06T13:25:07+00:00","description":"Nous portons une attention particuli\u00e8re au respect de la nature et \u00e0 la durabilit\u00e9 qui jouent un r\u00f4le important dans notre secteur.","breadcrumb":{"@id":"https:\/\/www.hochleitner.ch\/fr\/entreprise\/durabilite\/#breadcrumb"},"inLanguage":"fr-FR","potentialAction":[{"@type":"ReadAction","target":["https:\/\/www.hochleitner.ch\/fr\/entreprise\/durabilite\/"]}]},{"@type":"BreadcrumbList","@id":"https:\/\/www.hochleitner.ch\/fr\/entreprise\/durabilite\/#breadcrumb","itemListElement":[{"@type":"ListItem","position":1,"name":"Home","item":"https:\/\/www.hochleitner.ch\/fr\/"},{"@type":"ListItem","position":2,"name":"Entreprise","item":"https:\/\/www.hochleitner.ch\/fr\/entreprise\/"},{"@type":"ListItem","position":3,"name":"Durabilit\u00e9"}]},{"@type":"WebSite","@id":"https:\/\/www.hochleitner.ch\/fr\/#website","url":"https:\/\/www.hochleitner.ch\/fr\/","name":"Hochleitner AG","description":"","potentialAction":[{"@type":"SearchAction","target":{"@type":"EntryPoint","urlTemplate":"https:\/\/www.hochleitner.ch\/fr\/?s={search_term_string}"},"query-input":"required name=search_term_string"}],"inLanguage":"fr-FR"}]}},"_links":{"self":[{"href":"https:\/\/www.hochleitner.ch\/fr\/wp-json\/wp\/v2\/pages\/5839"}],"collection":[{"href":"https:\/\/www.hochleitner.ch\/fr\/wp-json\/wp\/v2\/pages"}],"about":[{"href":"https:\/\/www.hochleitner.ch\/fr\/wp-json\/wp\/v2\/types\/page"}],"author":[{"embeddable":true,"href":"https:\/\/www.hochleitner.ch\/fr\/wp-json\/wp\/v2\/users\/10"}],"replies":[{"embeddable":true,"href":"https:\/\/www.hochleitner.ch\/fr\/wp-json\/wp\/v2\/comments?post=5839"}],"version-history":[{"count":9,"href":"https:\/\/www.hochleitner.ch\/fr\/wp-json\/wp\/v2\/pages\/5839\/revisions"}],"predecessor-version":[{"id":5848,"href":"https:\/\/www.hochleitner.ch\/fr\/wp-json\/wp\/v2\/pages\/5839\/revisions\/5848"}],"up":[{"embeddable":true,"href":"https:\/\/www.hochleitner.ch\/fr\/wp-json\/wp\/v2\/pages\/5825"}],"wp:attachment":[{"href":"https:\/\/www.hochleitner.ch\/fr\/wp-json\/wp\/v2\/media?parent=5839"}],"curies":[{"name":"wp","href":"https:\/\/api.w.org\/{rel}","templated":true}]}}