{"id":5837,"date":"2019-11-06T14:19:07","date_gmt":"2019-11-06T13:19:07","guid":{"rendered":"http:\/\/www.hochleitner.ch\/entreprise\/lignes-directrices\/"},"modified":"2019-11-06T14:19:08","modified_gmt":"2019-11-06T13:19:08","slug":"lignes-directrices","status":"publish","type":"page","link":"https:\/\/www.hochleitner.ch\/fr\/entreprise\/lignes-directrices\/","title":{"rendered":"Lignes directrices"},"content":{"rendered":"<div id=\"cs-content\" class=\"cs-content\"><\/div>\n","protected":false},"excerpt":{"rendered":"<p>Partenariat et collaboration \u00e0 long termeLes professionnels de la for\u00eat et les sp\u00e9cialistes en sylviculture font confiance \u00e0 notre longue exp\u00e9rience et \u00e0 nos \u00e9quipes exp\u00e9riment\u00e9es et comp\u00e9tentes en tant qu&rsquo;interlocuteurs qualifi\u00e9s dans les domaines les plus divers. Nous mettons notre vaste expertise et notre professionnalisme au service de nos clients. Dans le cadre de la r\u00e9colte et du tri &#8230; <a href=\"https:\/\/www.hochleitner.ch\/fr\/entreprise\/lignes-directrices\/\" class=\"more-link\">Read More<\/a><\/p>\n","protected":false},"author":10,"featured_media":0,"parent":5825,"menu_order":0,"comment_status":"closed","ping_status":"closed","template":"template-blank-4.php","meta":{"footnotes":""},"yoast_head":"<!-- This site is optimized with the Yoast SEO plugin v21.3 - https:\/\/yoast.com\/wordpress\/plugins\/seo\/ -->\n<title>Lignes directrices | Entreprise| Hochleitner SA<\/title>\n<meta name=\"description\" content=\"Les professionnels de la for\u00eat et les sp\u00e9cialistes en sylviculture font confiance \u00e0 notre longue exp\u00e9rience ...\" \/>\n<meta name=\"robots\" content=\"index, follow, max-snippet:-1, max-image-preview:large, max-video-preview:-1\" \/>\n<link rel=\"canonical\" href=\"https:\/\/www.hochleitner.ch\/fr\/entreprise\/lignes-directrices\/\" \/>\n<meta property=\"og:locale\" content=\"fr_FR\" \/>\n<meta property=\"og:type\" content=\"article\" \/>\n<meta property=\"og:title\" content=\"Lignes directrices | Entreprise| Hochleitner SA\" \/>\n<meta property=\"og:description\" content=\"Les professionnels de la for\u00eat et les sp\u00e9cialistes en sylviculture font confiance \u00e0 notre longue exp\u00e9rience ...\" \/>\n<meta property=\"og:url\" content=\"https:\/\/www.hochleitner.ch\/fr\/entreprise\/lignes-directrices\/\" \/>\n<meta property=\"og:site_name\" content=\"Hochleitner AG\" \/>\n<meta property=\"article:modified_time\" content=\"2019-11-06T13:19:08+00:00\" \/>\n<meta name=\"twitter:card\" content=\"summary_large_image\" \/>\n<meta name=\"twitter:label1\" content=\"Dur\u00e9e de lecture estim\u00e9e\" \/>\n\t<meta name=\"twitter:data1\" content=\"1 minute\" \/>\n<script type=\"application\/ld+json\" class=\"yoast-schema-graph\">{\"@context\":\"https:\/\/schema.org\",\"@graph\":[{\"@type\":\"WebPage\",\"@id\":\"https:\/\/www.hochleitner.ch\/fr\/entreprise\/lignes-directrices\/\",\"url\":\"https:\/\/www.hochleitner.ch\/fr\/entreprise\/lignes-directrices\/\",\"name\":\"Lignes directrices | Entreprise| Hochleitner SA\",\"isPartOf\":{\"@id\":\"https:\/\/www.hochleitner.ch\/fr\/#website\"},\"datePublished\":\"2019-11-06T13:19:07+00:00\",\"dateModified\":\"2019-11-06T13:19:08+00:00\",\"description\":\"Les professionnels de la for\u00eat et les sp\u00e9cialistes en sylviculture font confiance \u00e0 notre longue exp\u00e9rience ...\",\"breadcrumb\":{\"@id\":\"https:\/\/www.hochleitner.ch\/fr\/entreprise\/lignes-directrices\/#breadcrumb\"},\"inLanguage\":\"fr-FR\",\"potentialAction\":[{\"@type\":\"ReadAction\",\"target\":[\"https:\/\/www.hochleitner.ch\/fr\/entreprise\/lignes-directrices\/\"]}]},{\"@type\":\"BreadcrumbList\",\"@id\":\"https:\/\/www.hochleitner.ch\/fr\/entreprise\/lignes-directrices\/#breadcrumb\",\"itemListElement\":[{\"@type\":\"ListItem\",\"position\":1,\"name\":\"Home\",\"item\":\"https:\/\/www.hochleitner.ch\/fr\/\"},{\"@type\":\"ListItem\",\"position\":2,\"name\":\"Entreprise\",\"item\":\"https:\/\/www.hochleitner.ch\/fr\/entreprise\/\"},{\"@type\":\"ListItem\",\"position\":3,\"name\":\"Lignes directrices\"}]},{\"@type\":\"WebSite\",\"@id\":\"https:\/\/www.hochleitner.ch\/fr\/#website\",\"url\":\"https:\/\/www.hochleitner.ch\/fr\/\",\"name\":\"Hochleitner AG\",\"description\":\"\",\"potentialAction\":[{\"@type\":\"SearchAction\",\"target\":{\"@type\":\"EntryPoint\",\"urlTemplate\":\"https:\/\/www.hochleitner.ch\/fr\/?s={search_term_string}\"},\"query-input\":\"required name=search_term_string\"}],\"inLanguage\":\"fr-FR\"}]}<\/script>\n<!-- \/ Yoast SEO plugin. -->","yoast_head_json":{"title":"Lignes directrices | Entreprise| Hochleitner SA","description":"Les professionnels de la for\u00eat et les sp\u00e9cialistes en sylviculture font confiance \u00e0 notre longue exp\u00e9rience ...","robots":{"index":"index","follow":"follow","max-snippet":"max-snippet:-1","max-image-preview":"max-image-preview:large","max-video-preview":"max-video-preview:-1"},"canonical":"https:\/\/www.hochleitner.ch\/fr\/entreprise\/lignes-directrices\/","og_locale":"fr_FR","og_type":"article","og_title":"Lignes directrices | Entreprise| Hochleitner SA","og_description":"Les professionnels de la for\u00eat et les sp\u00e9cialistes en sylviculture font confiance \u00e0 notre longue exp\u00e9rience ...","og_url":"https:\/\/www.hochleitner.ch\/fr\/entreprise\/lignes-directrices\/","og_site_name":"Hochleitner AG","article_modified_time":"2019-11-06T13:19:08+00:00","twitter_card":"summary_large_image","twitter_misc":{"Dur\u00e9e de lecture estim\u00e9e":"1 minute"},"schema":{"@context":"https:\/\/schema.org","@graph":[{"@type":"WebPage","@id":"https:\/\/www.hochleitner.ch\/fr\/entreprise\/lignes-directrices\/","url":"https:\/\/www.hochleitner.ch\/fr\/entreprise\/lignes-directrices\/","name":"Lignes directrices | Entreprise| Hochleitner SA","isPartOf":{"@id":"https:\/\/www.hochleitner.ch\/fr\/#website"},"datePublished":"2019-11-06T13:19:07+00:00","dateModified":"2019-11-06T13:19:08+00:00","description":"Les professionnels de la for\u00eat et les sp\u00e9cialistes en sylviculture font confiance \u00e0 notre longue exp\u00e9rience ...","breadcrumb":{"@id":"https:\/\/www.hochleitner.ch\/fr\/entreprise\/lignes-directrices\/#breadcrumb"},"inLanguage":"fr-FR","potentialAction":[{"@type":"ReadAction","target":["https:\/\/www.hochleitner.ch\/fr\/entreprise\/lignes-directrices\/"]}]},{"@type":"BreadcrumbList","@id":"https:\/\/www.hochleitner.ch\/fr\/entreprise\/lignes-directrices\/#breadcrumb","itemListElement":[{"@type":"ListItem","position":1,"name":"Home","item":"https:\/\/www.hochleitner.ch\/fr\/"},{"@type":"ListItem","position":2,"name":"Entreprise","item":"https:\/\/www.hochleitner.ch\/fr\/entreprise\/"},{"@type":"ListItem","position":3,"name":"Lignes directrices"}]},{"@type":"WebSite","@id":"https:\/\/www.hochleitner.ch\/fr\/#website","url":"https:\/\/www.hochleitner.ch\/fr\/","name":"Hochleitner AG","description":"","potentialAction":[{"@type":"SearchAction","target":{"@type":"EntryPoint","urlTemplate":"https:\/\/www.hochleitner.ch\/fr\/?s={search_term_string}"},"query-input":"required name=search_term_string"}],"inLanguage":"fr-FR"}]}},"_links":{"self":[{"href":"https:\/\/www.hochleitner.ch\/fr\/wp-json\/wp\/v2\/pages\/5837"}],"collection":[{"href":"https:\/\/www.hochleitner.ch\/fr\/wp-json\/wp\/v2\/pages"}],"about":[{"href":"https:\/\/www.hochleitner.ch\/fr\/wp-json\/wp\/v2\/types\/page"}],"author":[{"embeddable":true,"href":"https:\/\/www.hochleitner.ch\/fr\/wp-json\/wp\/v2\/users\/10"}],"replies":[{"embeddable":true,"href":"https:\/\/www.hochleitner.ch\/fr\/wp-json\/wp\/v2\/comments?post=5837"}],"version-history":[{"count":1,"href":"https:\/\/www.hochleitner.ch\/fr\/wp-json\/wp\/v2\/pages\/5837\/revisions"}],"predecessor-version":[{"id":5838,"href":"https:\/\/www.hochleitner.ch\/fr\/wp-json\/wp\/v2\/pages\/5837\/revisions\/5838"}],"up":[{"embeddable":true,"href":"https:\/\/www.hochleitner.ch\/fr\/wp-json\/wp\/v2\/pages\/5825"}],"wp:attachment":[{"href":"https:\/\/www.hochleitner.ch\/fr\/wp-json\/wp\/v2\/media?parent=5837"}],"curies":[{"name":"wp","href":"https:\/\/api.w.org\/{rel}","templated":true}]}}