{"id":5791,"date":"2019-10-25T09:58:39","date_gmt":"2019-10-25T07:58:39","guid":{"rendered":"http:\/\/www.hochleitner.ch\/exploitation-forestiere\/"},"modified":"2019-10-25T09:58:40","modified_gmt":"2019-10-25T07:58:40","slug":"exploitation-forestiere","status":"publish","type":"page","link":"https:\/\/www.hochleitner.ch\/fr\/exploitation-forestiere\/","title":{"rendered":"Exploitation foresti\u00e8re"},"content":{"rendered":"<div id=\"cs-content\" class=\"cs-content\"><\/div>\n","protected":false},"excerpt":{"rendered":"<p>Pr\u00e9cision et flexibilit\u00e9 au niveau technique et organisationnelTravail efficace et respectueux des d\u00e9laisUne gestion durable des for\u00eats Nous sommes sp\u00e9cialis\u00e9s dans la r\u00e9colte de bois hautement m\u00e9canis\u00e9e dans tous les types de terrains. Gr\u00e2ce \u00e0 notre \u00e9quipement flexible, nous couvrons tous les besoins de nos clients avec la technologie ad\u00e9quate. Nos \u00e9quipes exp\u00e9riment\u00e9es garantissent une qualit\u00e9 de travail efficace et &#8230; <a href=\"https:\/\/www.hochleitner.ch\/fr\/exploitation-forestiere\/\" class=\"more-link\">Read More<\/a><\/p>\n","protected":false},"author":10,"featured_media":0,"parent":0,"menu_order":0,"comment_status":"closed","ping_status":"closed","template":"template-blank-4.php","meta":{"footnotes":""},"yoast_head":"<!-- This site is optimized with the Yoast SEO plugin v21.3 - https:\/\/yoast.com\/wordpress\/plugins\/seo\/ -->\n<title>Hochleitner SA<\/title>\n<meta name=\"robots\" content=\"index, follow, max-snippet:-1, max-image-preview:large, max-video-preview:-1\" \/>\n<link rel=\"canonical\" href=\"https:\/\/www.hochleitner.ch\/fr\/exploitation-forestiere\/\" \/>\n<meta property=\"og:locale\" content=\"fr_FR\" \/>\n<meta property=\"og:type\" content=\"article\" \/>\n<meta property=\"og:title\" content=\"Hochleitner SA\" \/>\n<meta property=\"og:description\" content=\"Pr\u00e9cision et flexibilit\u00e9 au niveau technique et organisationnelTravail efficace et respectueux des d\u00e9laisUne gestion durable des for\u00eats Nous sommes sp\u00e9cialis\u00e9s dans la r\u00e9colte de bois hautement m\u00e9canis\u00e9e dans tous les types de terrains. Gr\u00e2ce \u00e0 notre \u00e9quipement flexible, nous couvrons tous les besoins de nos clients avec la technologie ad\u00e9quate. Nos \u00e9quipes exp\u00e9riment\u00e9es garantissent une qualit\u00e9 de travail efficace et ... Read More\" \/>\n<meta property=\"og:url\" content=\"https:\/\/www.hochleitner.ch\/fr\/exploitation-forestiere\/\" \/>\n<meta property=\"og:site_name\" content=\"Hochleitner AG\" \/>\n<meta property=\"article:modified_time\" content=\"2019-10-25T07:58:40+00:00\" \/>\n<meta name=\"twitter:card\" content=\"summary_large_image\" \/>\n<meta name=\"twitter:label1\" content=\"Dur\u00e9e de lecture estim\u00e9e\" \/>\n\t<meta name=\"twitter:data1\" content=\"1 minute\" \/>\n<script type=\"application\/ld+json\" class=\"yoast-schema-graph\">{\"@context\":\"https:\/\/schema.org\",\"@graph\":[{\"@type\":\"WebPage\",\"@id\":\"https:\/\/www.hochleitner.ch\/fr\/exploitation-forestiere\/\",\"url\":\"https:\/\/www.hochleitner.ch\/fr\/exploitation-forestiere\/\",\"name\":\"Hochleitner SA\",\"isPartOf\":{\"@id\":\"https:\/\/www.hochleitner.ch\/fr\/#website\"},\"datePublished\":\"2019-10-25T07:58:39+00:00\",\"dateModified\":\"2019-10-25T07:58:40+00:00\",\"breadcrumb\":{\"@id\":\"https:\/\/www.hochleitner.ch\/fr\/exploitation-forestiere\/#breadcrumb\"},\"inLanguage\":\"fr-FR\",\"potentialAction\":[{\"@type\":\"ReadAction\",\"target\":[\"https:\/\/www.hochleitner.ch\/fr\/exploitation-forestiere\/\"]}]},{\"@type\":\"BreadcrumbList\",\"@id\":\"https:\/\/www.hochleitner.ch\/fr\/exploitation-forestiere\/#breadcrumb\",\"itemListElement\":[{\"@type\":\"ListItem\",\"position\":1,\"name\":\"Home\",\"item\":\"https:\/\/www.hochleitner.ch\/fr\/\"},{\"@type\":\"ListItem\",\"position\":2,\"name\":\"Exploitation foresti\u00e8re\"}]},{\"@type\":\"WebSite\",\"@id\":\"https:\/\/www.hochleitner.ch\/fr\/#website\",\"url\":\"https:\/\/www.hochleitner.ch\/fr\/\",\"name\":\"Hochleitner AG\",\"description\":\"\",\"potentialAction\":[{\"@type\":\"SearchAction\",\"target\":{\"@type\":\"EntryPoint\",\"urlTemplate\":\"https:\/\/www.hochleitner.ch\/fr\/?s={search_term_string}\"},\"query-input\":\"required name=search_term_string\"}],\"inLanguage\":\"fr-FR\"}]}<\/script>\n<!-- \/ Yoast SEO plugin. -->","yoast_head_json":{"title":"Hochleitner SA","robots":{"index":"index","follow":"follow","max-snippet":"max-snippet:-1","max-image-preview":"max-image-preview:large","max-video-preview":"max-video-preview:-1"},"canonical":"https:\/\/www.hochleitner.ch\/fr\/exploitation-forestiere\/","og_locale":"fr_FR","og_type":"article","og_title":"Hochleitner SA","og_description":"Pr\u00e9cision et flexibilit\u00e9 au niveau technique et organisationnelTravail efficace et respectueux des d\u00e9laisUne gestion durable des for\u00eats Nous sommes sp\u00e9cialis\u00e9s dans la r\u00e9colte de bois hautement m\u00e9canis\u00e9e dans tous les types de terrains. Gr\u00e2ce \u00e0 notre \u00e9quipement flexible, nous couvrons tous les besoins de nos clients avec la technologie ad\u00e9quate. Nos \u00e9quipes exp\u00e9riment\u00e9es garantissent une qualit\u00e9 de travail efficace et ... Read More","og_url":"https:\/\/www.hochleitner.ch\/fr\/exploitation-forestiere\/","og_site_name":"Hochleitner AG","article_modified_time":"2019-10-25T07:58:40+00:00","twitter_card":"summary_large_image","twitter_misc":{"Dur\u00e9e de lecture estim\u00e9e":"1 minute"},"schema":{"@context":"https:\/\/schema.org","@graph":[{"@type":"WebPage","@id":"https:\/\/www.hochleitner.ch\/fr\/exploitation-forestiere\/","url":"https:\/\/www.hochleitner.ch\/fr\/exploitation-forestiere\/","name":"Hochleitner SA","isPartOf":{"@id":"https:\/\/www.hochleitner.ch\/fr\/#website"},"datePublished":"2019-10-25T07:58:39+00:00","dateModified":"2019-10-25T07:58:40+00:00","breadcrumb":{"@id":"https:\/\/www.hochleitner.ch\/fr\/exploitation-forestiere\/#breadcrumb"},"inLanguage":"fr-FR","potentialAction":[{"@type":"ReadAction","target":["https:\/\/www.hochleitner.ch\/fr\/exploitation-forestiere\/"]}]},{"@type":"BreadcrumbList","@id":"https:\/\/www.hochleitner.ch\/fr\/exploitation-forestiere\/#breadcrumb","itemListElement":[{"@type":"ListItem","position":1,"name":"Home","item":"https:\/\/www.hochleitner.ch\/fr\/"},{"@type":"ListItem","position":2,"name":"Exploitation foresti\u00e8re"}]},{"@type":"WebSite","@id":"https:\/\/www.hochleitner.ch\/fr\/#website","url":"https:\/\/www.hochleitner.ch\/fr\/","name":"Hochleitner AG","description":"","potentialAction":[{"@type":"SearchAction","target":{"@type":"EntryPoint","urlTemplate":"https:\/\/www.hochleitner.ch\/fr\/?s={search_term_string}"},"query-input":"required name=search_term_string"}],"inLanguage":"fr-FR"}]}},"_links":{"self":[{"href":"https:\/\/www.hochleitner.ch\/fr\/wp-json\/wp\/v2\/pages\/5791"}],"collection":[{"href":"https:\/\/www.hochleitner.ch\/fr\/wp-json\/wp\/v2\/pages"}],"about":[{"href":"https:\/\/www.hochleitner.ch\/fr\/wp-json\/wp\/v2\/types\/page"}],"author":[{"embeddable":true,"href":"https:\/\/www.hochleitner.ch\/fr\/wp-json\/wp\/v2\/users\/10"}],"replies":[{"embeddable":true,"href":"https:\/\/www.hochleitner.ch\/fr\/wp-json\/wp\/v2\/comments?post=5791"}],"version-history":[{"count":1,"href":"https:\/\/www.hochleitner.ch\/fr\/wp-json\/wp\/v2\/pages\/5791\/revisions"}],"predecessor-version":[{"id":5792,"href":"https:\/\/www.hochleitner.ch\/fr\/wp-json\/wp\/v2\/pages\/5791\/revisions\/5792"}],"wp:attachment":[{"href":"https:\/\/www.hochleitner.ch\/fr\/wp-json\/wp\/v2\/media?parent=5791"}],"curies":[{"name":"wp","href":"https:\/\/api.w.org\/{rel}","templated":true}]}}