{"id":5765,"date":"2019-09-30T11:06:13","date_gmt":"2019-09-30T09:06:13","guid":{"rendered":"http:\/\/www.hochleitner.ch\/?page_id=5765"},"modified":"2019-09-30T15:42:06","modified_gmt":"2019-09-30T13:42:06","slug":"datenschutzerklaerung","status":"publish","type":"page","link":"https:\/\/www.hochleitner.ch\/de\/datenschutzerklaerung\/","title":{"rendered":"Datenschutzerkl\u00e4rung"},"content":{"rendered":"<div id=\"cs-content\" class=\"cs-content\"><\/div>\n","protected":false},"excerpt":{"rendered":"<p>Datenschutzerkl\u00e4rungVerantwortlicherHochleitner AG 3237 Br\u00fcttelen \/ Schweiz Tel. +41 (0)32 313 13 65Schutz Ihrer Privatsph\u00e4reGest\u00fctzt auf Artikel 13 der schweizerischen Bundesverfassung und die datenschutzrechtlichen Bestimmungen des Bundes (Datenschutzgesetz, DSG) hat jede Person Anspruch auf Schutz ihrer Privatsph\u00e4re sowie auf Schutz vor Missbrauch ihrer pers\u00f6nlichen Daten. Wir halten diese Bestimmungen ein. Pers\u00f6nliche Daten werden streng vertraulich behandelt und weder an Dritte verkauft &#8230; <a href=\"https:\/\/www.hochleitner.ch\/de\/datenschutzerklaerung\/\" class=\"more-link\">Read More<\/a><\/p>\n","protected":false},"author":10,"featured_media":0,"parent":0,"menu_order":0,"comment_status":"closed","ping_status":"closed","template":"template-blank-4.php","meta":{"footnotes":""},"yoast_head":"<!-- This site is optimized with the Yoast SEO plugin v21.3 - https:\/\/yoast.com\/wordpress\/plugins\/seo\/ -->\n<title>Datenschutzerkl\u00e4rung | Hochleitner AG<\/title>\n<meta name=\"robots\" content=\"index, follow, max-snippet:-1, max-image-preview:large, max-video-preview:-1\" \/>\n<link rel=\"canonical\" href=\"https:\/\/www.hochleitner.ch\/de\/datenschutzerklaerung\/\" \/>\n<meta property=\"og:locale\" content=\"de_DE\" \/>\n<meta property=\"og:type\" content=\"article\" \/>\n<meta property=\"og:title\" content=\"Datenschutzerkl\u00e4rung | Hochleitner AG\" \/>\n<meta property=\"og:description\" content=\"Datenschutzerkl\u00e4rungVerantwortlicherHochleitner AG 3237 Br\u00fcttelen \/ Schweiz Tel. +41 (0)32 313 13 65Schutz Ihrer Privatsph\u00e4reGest\u00fctzt auf Artikel 13 der schweizerischen Bundesverfassung und die datenschutzrechtlichen Bestimmungen des Bundes (Datenschutzgesetz, DSG) hat jede Person Anspruch auf Schutz ihrer Privatsph\u00e4re sowie auf Schutz vor Missbrauch ihrer pers\u00f6nlichen Daten. Wir halten diese Bestimmungen ein. Pers\u00f6nliche Daten werden streng vertraulich behandelt und weder an Dritte verkauft ... Read More\" \/>\n<meta property=\"og:url\" content=\"https:\/\/www.hochleitner.ch\/de\/datenschutzerklaerung\/\" \/>\n<meta property=\"og:site_name\" content=\"Hochleitner AG\" \/>\n<meta property=\"article:modified_time\" content=\"2019-09-30T13:42:06+00:00\" \/>\n<meta name=\"twitter:card\" content=\"summary_large_image\" \/>\n<meta name=\"twitter:label1\" content=\"Gesch\u00e4tzte Lesezeit\" \/>\n\t<meta name=\"twitter:data1\" content=\"2\u00a0Minuten\" \/>\n<script type=\"application\/ld+json\" class=\"yoast-schema-graph\">{\"@context\":\"https:\/\/schema.org\",\"@graph\":[{\"@type\":\"WebPage\",\"@id\":\"https:\/\/www.hochleitner.ch\/de\/datenschutzerklaerung\/\",\"url\":\"https:\/\/www.hochleitner.ch\/de\/datenschutzerklaerung\/\",\"name\":\"Datenschutzerkl\u00e4rung | Hochleitner AG\",\"isPartOf\":{\"@id\":\"https:\/\/www.hochleitner.ch\/de\/#website\"},\"datePublished\":\"2019-09-30T09:06:13+00:00\",\"dateModified\":\"2019-09-30T13:42:06+00:00\",\"breadcrumb\":{\"@id\":\"https:\/\/www.hochleitner.ch\/de\/datenschutzerklaerung\/#breadcrumb\"},\"inLanguage\":\"de\",\"potentialAction\":[{\"@type\":\"ReadAction\",\"target\":[\"https:\/\/www.hochleitner.ch\/de\/datenschutzerklaerung\/\"]}]},{\"@type\":\"BreadcrumbList\",\"@id\":\"https:\/\/www.hochleitner.ch\/de\/datenschutzerklaerung\/#breadcrumb\",\"itemListElement\":[{\"@type\":\"ListItem\",\"position\":1,\"name\":\"Home\",\"item\":\"https:\/\/www.hochleitner.ch\/de\/\"},{\"@type\":\"ListItem\",\"position\":2,\"name\":\"Datenschutzerkl\u00e4rung\"}]},{\"@type\":\"WebSite\",\"@id\":\"https:\/\/www.hochleitner.ch\/de\/#website\",\"url\":\"https:\/\/www.hochleitner.ch\/de\/\",\"name\":\"Hochleitner AG\",\"description\":\"\",\"potentialAction\":[{\"@type\":\"SearchAction\",\"target\":{\"@type\":\"EntryPoint\",\"urlTemplate\":\"https:\/\/www.hochleitner.ch\/de\/?s={search_term_string}\"},\"query-input\":\"required name=search_term_string\"}],\"inLanguage\":\"de\"}]}<\/script>\n<!-- \/ Yoast SEO plugin. -->","yoast_head_json":{"title":"Datenschutzerkl\u00e4rung | Hochleitner AG","robots":{"index":"index","follow":"follow","max-snippet":"max-snippet:-1","max-image-preview":"max-image-preview:large","max-video-preview":"max-video-preview:-1"},"canonical":"https:\/\/www.hochleitner.ch\/de\/datenschutzerklaerung\/","og_locale":"de_DE","og_type":"article","og_title":"Datenschutzerkl\u00e4rung | Hochleitner AG","og_description":"Datenschutzerkl\u00e4rungVerantwortlicherHochleitner AG 3237 Br\u00fcttelen \/ Schweiz Tel. +41 (0)32 313 13 65Schutz Ihrer Privatsph\u00e4reGest\u00fctzt auf Artikel 13 der schweizerischen Bundesverfassung und die datenschutzrechtlichen Bestimmungen des Bundes (Datenschutzgesetz, DSG) hat jede Person Anspruch auf Schutz ihrer Privatsph\u00e4re sowie auf Schutz vor Missbrauch ihrer pers\u00f6nlichen Daten. Wir halten diese Bestimmungen ein. Pers\u00f6nliche Daten werden streng vertraulich behandelt und weder an Dritte verkauft ... Read More","og_url":"https:\/\/www.hochleitner.ch\/de\/datenschutzerklaerung\/","og_site_name":"Hochleitner AG","article_modified_time":"2019-09-30T13:42:06+00:00","twitter_card":"summary_large_image","twitter_misc":{"Gesch\u00e4tzte Lesezeit":"2\u00a0Minuten"},"schema":{"@context":"https:\/\/schema.org","@graph":[{"@type":"WebPage","@id":"https:\/\/www.hochleitner.ch\/de\/datenschutzerklaerung\/","url":"https:\/\/www.hochleitner.ch\/de\/datenschutzerklaerung\/","name":"Datenschutzerkl\u00e4rung | Hochleitner AG","isPartOf":{"@id":"https:\/\/www.hochleitner.ch\/de\/#website"},"datePublished":"2019-09-30T09:06:13+00:00","dateModified":"2019-09-30T13:42:06+00:00","breadcrumb":{"@id":"https:\/\/www.hochleitner.ch\/de\/datenschutzerklaerung\/#breadcrumb"},"inLanguage":"de","potentialAction":[{"@type":"ReadAction","target":["https:\/\/www.hochleitner.ch\/de\/datenschutzerklaerung\/"]}]},{"@type":"BreadcrumbList","@id":"https:\/\/www.hochleitner.ch\/de\/datenschutzerklaerung\/#breadcrumb","itemListElement":[{"@type":"ListItem","position":1,"name":"Home","item":"https:\/\/www.hochleitner.ch\/de\/"},{"@type":"ListItem","position":2,"name":"Datenschutzerkl\u00e4rung"}]},{"@type":"WebSite","@id":"https:\/\/www.hochleitner.ch\/de\/#website","url":"https:\/\/www.hochleitner.ch\/de\/","name":"Hochleitner AG","description":"","potentialAction":[{"@type":"SearchAction","target":{"@type":"EntryPoint","urlTemplate":"https:\/\/www.hochleitner.ch\/de\/?s={search_term_string}"},"query-input":"required name=search_term_string"}],"inLanguage":"de"}]}},"_links":{"self":[{"href":"https:\/\/www.hochleitner.ch\/de\/wp-json\/wp\/v2\/pages\/5765"}],"collection":[{"href":"https:\/\/www.hochleitner.ch\/de\/wp-json\/wp\/v2\/pages"}],"about":[{"href":"https:\/\/www.hochleitner.ch\/de\/wp-json\/wp\/v2\/types\/page"}],"author":[{"embeddable":true,"href":"https:\/\/www.hochleitner.ch\/de\/wp-json\/wp\/v2\/users\/10"}],"replies":[{"embeddable":true,"href":"https:\/\/www.hochleitner.ch\/de\/wp-json\/wp\/v2\/comments?post=5765"}],"version-history":[{"count":2,"href":"https:\/\/www.hochleitner.ch\/de\/wp-json\/wp\/v2\/pages\/5765\/revisions"}],"predecessor-version":[{"id":5767,"href":"https:\/\/www.hochleitner.ch\/de\/wp-json\/wp\/v2\/pages\/5765\/revisions\/5767"}],"wp:attachment":[{"href":"https:\/\/www.hochleitner.ch\/de\/wp-json\/wp\/v2\/media?parent=5765"}],"curies":[{"name":"wp","href":"https:\/\/api.w.org\/{rel}","templated":true}]}}