{"id":5596,"date":"2019-08-02T09:51:04","date_gmt":"2019-08-02T07:51:04","guid":{"rendered":"http:\/\/beta.hochleitner.ch\/?page_id=5596"},"modified":"2019-09-30T14:58:11","modified_gmt":"2019-09-30T12:58:11","slug":"energieholz","status":"publish","type":"page","link":"https:\/\/www.hochleitner.ch\/de\/rundholz-transport\/energieholz\/","title":{"rendered":"Energieholz"},"content":{"rendered":"<div id=\"cs-content\" class=\"cs-content\"><\/div>\n","protected":false},"excerpt":{"rendered":"<p>EnergieholzaufbereitungEnergieholz als Rund- oder Scheitholz: Buche, Nadelholz. Brennholz aus heimischen W\u00e4ldern.Schweizer Holz. Garantie f\u00fcr kurze Transportwege und Regionalit\u00e4t.Selbstabholung ab Lager \/ Wald oder Lieferung zum KundenGrosse Liefermengen Rundholz f\u00fcr Biomassekraftwerke mit HolzhackschnitzelBrenn- und Scheitholz lose oder in Big BagsWaldhackgut Holz-HerkunftSchweizer Holz, PEFC-zertifizierte Schweizer W&auml;lderAktuelle Preise und LieferbedingungenBeratung und VerkaufHolz \u2013 der umweltfreundliche Rohstoff f\u00fcr k\u00fcnftige Generationen | | \u00a9 Hochleitner &#8230; <a href=\"https:\/\/www.hochleitner.ch\/de\/rundholz-transport\/energieholz\/\" class=\"more-link\">Read More<\/a><\/p>\n","protected":false},"author":10,"featured_media":0,"parent":5527,"menu_order":0,"comment_status":"closed","ping_status":"closed","template":"template-blank-4.php","meta":{"footnotes":""},"yoast_head":"<!-- This site is optimized with the Yoast SEO plugin v21.3 - https:\/\/yoast.com\/wordpress\/plugins\/seo\/ -->\n<title>Energieholz | Hochleitner AG<\/title>\n<meta name=\"description\" content=\"Energieholz als Rund- oder Scheitholz: Buche, Nadelholz. Brennholz aus heimischen W\u00e4ldern. Garantie f\u00fcr kurze Transportwege und Regionalit\u00e4t.\" \/>\n<meta name=\"robots\" content=\"index, follow, max-snippet:-1, max-image-preview:large, max-video-preview:-1\" \/>\n<link rel=\"canonical\" href=\"https:\/\/www.hochleitner.ch\/de\/rundholz-transport\/energieholz\/\" \/>\n<meta property=\"og:locale\" content=\"de_DE\" \/>\n<meta property=\"og:type\" content=\"article\" \/>\n<meta property=\"og:title\" content=\"Energieholz | Hochleitner AG\" \/>\n<meta property=\"og:description\" content=\"Energieholz als Rund- oder Scheitholz: Buche, Nadelholz. Brennholz aus heimischen W\u00e4ldern. Garantie f\u00fcr kurze Transportwege und Regionalit\u00e4t.\" \/>\n<meta property=\"og:url\" content=\"https:\/\/www.hochleitner.ch\/de\/rundholz-transport\/energieholz\/\" \/>\n<meta property=\"og:site_name\" content=\"Hochleitner AG\" \/>\n<meta property=\"article:modified_time\" content=\"2019-09-30T12:58:11+00:00\" \/>\n<meta name=\"twitter:card\" content=\"summary_large_image\" \/>\n<meta name=\"twitter:label1\" content=\"Gesch\u00e4tzte Lesezeit\" \/>\n\t<meta name=\"twitter:data1\" content=\"2\u00a0Minuten\" \/>\n<script type=\"application\/ld+json\" class=\"yoast-schema-graph\">{\"@context\":\"https:\/\/schema.org\",\"@graph\":[{\"@type\":\"WebPage\",\"@id\":\"https:\/\/www.hochleitner.ch\/de\/rundholz-transport\/energieholz\/\",\"url\":\"https:\/\/www.hochleitner.ch\/de\/rundholz-transport\/energieholz\/\",\"name\":\"Energieholz | Hochleitner AG\",\"isPartOf\":{\"@id\":\"https:\/\/www.hochleitner.ch\/de\/#website\"},\"datePublished\":\"2019-08-02T07:51:04+00:00\",\"dateModified\":\"2019-09-30T12:58:11+00:00\",\"description\":\"Energieholz als Rund- oder Scheitholz: Buche, Nadelholz. Brennholz aus heimischen W\u00e4ldern. Garantie f\u00fcr kurze Transportwege und Regionalit\u00e4t.\",\"breadcrumb\":{\"@id\":\"https:\/\/www.hochleitner.ch\/de\/rundholz-transport\/energieholz\/#breadcrumb\"},\"inLanguage\":\"de\",\"potentialAction\":[{\"@type\":\"ReadAction\",\"target\":[\"https:\/\/www.hochleitner.ch\/de\/rundholz-transport\/energieholz\/\"]}]},{\"@type\":\"BreadcrumbList\",\"@id\":\"https:\/\/www.hochleitner.ch\/de\/rundholz-transport\/energieholz\/#breadcrumb\",\"itemListElement\":[{\"@type\":\"ListItem\",\"position\":1,\"name\":\"Home\",\"item\":\"https:\/\/www.hochleitner.ch\/de\/\"},{\"@type\":\"ListItem\",\"position\":2,\"name\":\"Rundholz Transport\",\"item\":\"https:\/\/www.hochleitner.ch\/de\/rundholz-transport\/\"},{\"@type\":\"ListItem\",\"position\":3,\"name\":\"Energieholz\"}]},{\"@type\":\"WebSite\",\"@id\":\"https:\/\/www.hochleitner.ch\/de\/#website\",\"url\":\"https:\/\/www.hochleitner.ch\/de\/\",\"name\":\"Hochleitner AG\",\"description\":\"\",\"potentialAction\":[{\"@type\":\"SearchAction\",\"target\":{\"@type\":\"EntryPoint\",\"urlTemplate\":\"https:\/\/www.hochleitner.ch\/de\/?s={search_term_string}\"},\"query-input\":\"required name=search_term_string\"}],\"inLanguage\":\"de\"}]}<\/script>\n<!-- \/ Yoast SEO plugin. -->","yoast_head_json":{"title":"Energieholz | Hochleitner AG","description":"Energieholz als Rund- oder Scheitholz: Buche, Nadelholz. Brennholz aus heimischen W\u00e4ldern. Garantie f\u00fcr kurze Transportwege und Regionalit\u00e4t.","robots":{"index":"index","follow":"follow","max-snippet":"max-snippet:-1","max-image-preview":"max-image-preview:large","max-video-preview":"max-video-preview:-1"},"canonical":"https:\/\/www.hochleitner.ch\/de\/rundholz-transport\/energieholz\/","og_locale":"de_DE","og_type":"article","og_title":"Energieholz | Hochleitner AG","og_description":"Energieholz als Rund- oder Scheitholz: Buche, Nadelholz. Brennholz aus heimischen W\u00e4ldern. Garantie f\u00fcr kurze Transportwege und Regionalit\u00e4t.","og_url":"https:\/\/www.hochleitner.ch\/de\/rundholz-transport\/energieholz\/","og_site_name":"Hochleitner AG","article_modified_time":"2019-09-30T12:58:11+00:00","twitter_card":"summary_large_image","twitter_misc":{"Gesch\u00e4tzte Lesezeit":"2\u00a0Minuten"},"schema":{"@context":"https:\/\/schema.org","@graph":[{"@type":"WebPage","@id":"https:\/\/www.hochleitner.ch\/de\/rundholz-transport\/energieholz\/","url":"https:\/\/www.hochleitner.ch\/de\/rundholz-transport\/energieholz\/","name":"Energieholz | Hochleitner AG","isPartOf":{"@id":"https:\/\/www.hochleitner.ch\/de\/#website"},"datePublished":"2019-08-02T07:51:04+00:00","dateModified":"2019-09-30T12:58:11+00:00","description":"Energieholz als Rund- oder Scheitholz: Buche, Nadelholz. Brennholz aus heimischen W\u00e4ldern. Garantie f\u00fcr kurze Transportwege und Regionalit\u00e4t.","breadcrumb":{"@id":"https:\/\/www.hochleitner.ch\/de\/rundholz-transport\/energieholz\/#breadcrumb"},"inLanguage":"de","potentialAction":[{"@type":"ReadAction","target":["https:\/\/www.hochleitner.ch\/de\/rundholz-transport\/energieholz\/"]}]},{"@type":"BreadcrumbList","@id":"https:\/\/www.hochleitner.ch\/de\/rundholz-transport\/energieholz\/#breadcrumb","itemListElement":[{"@type":"ListItem","position":1,"name":"Home","item":"https:\/\/www.hochleitner.ch\/de\/"},{"@type":"ListItem","position":2,"name":"Rundholz Transport","item":"https:\/\/www.hochleitner.ch\/de\/rundholz-transport\/"},{"@type":"ListItem","position":3,"name":"Energieholz"}]},{"@type":"WebSite","@id":"https:\/\/www.hochleitner.ch\/de\/#website","url":"https:\/\/www.hochleitner.ch\/de\/","name":"Hochleitner AG","description":"","potentialAction":[{"@type":"SearchAction","target":{"@type":"EntryPoint","urlTemplate":"https:\/\/www.hochleitner.ch\/de\/?s={search_term_string}"},"query-input":"required name=search_term_string"}],"inLanguage":"de"}]}},"_links":{"self":[{"href":"https:\/\/www.hochleitner.ch\/de\/wp-json\/wp\/v2\/pages\/5596"}],"collection":[{"href":"https:\/\/www.hochleitner.ch\/de\/wp-json\/wp\/v2\/pages"}],"about":[{"href":"https:\/\/www.hochleitner.ch\/de\/wp-json\/wp\/v2\/types\/page"}],"author":[{"embeddable":true,"href":"https:\/\/www.hochleitner.ch\/de\/wp-json\/wp\/v2\/users\/10"}],"replies":[{"embeddable":true,"href":"https:\/\/www.hochleitner.ch\/de\/wp-json\/wp\/v2\/comments?post=5596"}],"version-history":[{"count":6,"href":"https:\/\/www.hochleitner.ch\/de\/wp-json\/wp\/v2\/pages\/5596\/revisions"}],"predecessor-version":[{"id":5746,"href":"https:\/\/www.hochleitner.ch\/de\/wp-json\/wp\/v2\/pages\/5596\/revisions\/5746"}],"up":[{"embeddable":true,"href":"https:\/\/www.hochleitner.ch\/de\/wp-json\/wp\/v2\/pages\/5527"}],"wp:attachment":[{"href":"https:\/\/www.hochleitner.ch\/de\/wp-json\/wp\/v2\/media?parent=5596"}],"curies":[{"name":"wp","href":"https:\/\/api.w.org\/{rel}","templated":true}]}}