{"id":5547,"date":"2019-07-16T15:47:19","date_gmt":"2019-07-16T13:47:19","guid":{"rendered":"http:\/\/beta.hochleitner.ch\/?page_id=5547"},"modified":"2019-10-24T16:23:15","modified_gmt":"2019-10-24T14:23:15","slug":"leitbild","status":"publish","type":"page","link":"https:\/\/www.hochleitner.ch\/de\/unternehmen\/leitbild\/","title":{"rendered":"Leitbild"},"content":{"rendered":"<div id=\"cs-content\" class=\"cs-content\"><\/div>\n","protected":false},"excerpt":{"rendered":"<p>Langfristige partnerschaftliche ZusammenarbeitForst- und Waldwirtschaftsfachleute vertrauen in den verschiedensten Bereichen auf unsere langj\u00e4hrige forstliche Praxis und unsere erfahrenen, kompetenten Teams von Spezialisten als qualifizierte Ansprechpartner. Wir stellen unser breites Fachwissen und unsere Professionalit\u00e4t vollumf\u00e4nglich in den Dienst unserer Kunden. Waldbesitzern garantieren wir eine maximale Wertsch\u00f6pfung bei der Holzernte und Sortierung. Wir sorgen daf\u00fcr, dass Holz als erneuerbare Energiequelle in der &#8230; <a href=\"https:\/\/www.hochleitner.ch\/de\/unternehmen\/leitbild\/\" class=\"more-link\">Read More<\/a><\/p>\n","protected":false},"author":10,"featured_media":0,"parent":5539,"menu_order":0,"comment_status":"closed","ping_status":"closed","template":"template-blank-4.php","meta":{"footnotes":""},"yoast_head":"<!-- This site is optimized with the Yoast SEO plugin v21.3 - https:\/\/yoast.com\/wordpress\/plugins\/seo\/ -->\n<title>Leitbild | Unternehmen | Hochleitner AG<\/title>\n<meta name=\"description\" content=\"Forst- und Waldwirtschaftsfachleute vertrauen in den verschiedensten Bereichen auf unsere langj\u00e4hrige forstliche Praxis ...\" \/>\n<meta name=\"robots\" content=\"index, follow, max-snippet:-1, max-image-preview:large, max-video-preview:-1\" \/>\n<link rel=\"canonical\" href=\"https:\/\/www.hochleitner.ch\/de\/unternehmen\/leitbild\/\" \/>\n<meta property=\"og:locale\" content=\"de_DE\" \/>\n<meta property=\"og:type\" content=\"article\" \/>\n<meta property=\"og:title\" content=\"Leitbild | Unternehmen | Hochleitner AG\" \/>\n<meta property=\"og:description\" content=\"Forst- und Waldwirtschaftsfachleute vertrauen in den verschiedensten Bereichen auf unsere langj\u00e4hrige forstliche Praxis ...\" \/>\n<meta property=\"og:url\" content=\"https:\/\/www.hochleitner.ch\/de\/unternehmen\/leitbild\/\" \/>\n<meta property=\"og:site_name\" content=\"Hochleitner AG\" \/>\n<meta property=\"article:modified_time\" content=\"2019-10-24T14:23:15+00:00\" \/>\n<meta name=\"twitter:card\" content=\"summary_large_image\" \/>\n<meta name=\"twitter:label1\" content=\"Gesch\u00e4tzte Lesezeit\" \/>\n\t<meta name=\"twitter:data1\" content=\"1\u00a0Minute\" \/>\n<script type=\"application\/ld+json\" class=\"yoast-schema-graph\">{\"@context\":\"https:\/\/schema.org\",\"@graph\":[{\"@type\":\"WebPage\",\"@id\":\"https:\/\/www.hochleitner.ch\/de\/unternehmen\/leitbild\/\",\"url\":\"https:\/\/www.hochleitner.ch\/de\/unternehmen\/leitbild\/\",\"name\":\"Leitbild | Unternehmen | Hochleitner AG\",\"isPartOf\":{\"@id\":\"https:\/\/www.hochleitner.ch\/de\/#website\"},\"datePublished\":\"2019-07-16T13:47:19+00:00\",\"dateModified\":\"2019-10-24T14:23:15+00:00\",\"description\":\"Forst- und Waldwirtschaftsfachleute vertrauen in den verschiedensten Bereichen auf unsere langj\u00e4hrige forstliche Praxis ...\",\"breadcrumb\":{\"@id\":\"https:\/\/www.hochleitner.ch\/de\/unternehmen\/leitbild\/#breadcrumb\"},\"inLanguage\":\"de\",\"potentialAction\":[{\"@type\":\"ReadAction\",\"target\":[\"https:\/\/www.hochleitner.ch\/de\/unternehmen\/leitbild\/\"]}]},{\"@type\":\"BreadcrumbList\",\"@id\":\"https:\/\/www.hochleitner.ch\/de\/unternehmen\/leitbild\/#breadcrumb\",\"itemListElement\":[{\"@type\":\"ListItem\",\"position\":1,\"name\":\"Home\",\"item\":\"https:\/\/www.hochleitner.ch\/de\/\"},{\"@type\":\"ListItem\",\"position\":2,\"name\":\"Unternehmen\",\"item\":\"https:\/\/www.hochleitner.ch\/de\/unternehmen\/\"},{\"@type\":\"ListItem\",\"position\":3,\"name\":\"Leitbild\"}]},{\"@type\":\"WebSite\",\"@id\":\"https:\/\/www.hochleitner.ch\/de\/#website\",\"url\":\"https:\/\/www.hochleitner.ch\/de\/\",\"name\":\"Hochleitner AG\",\"description\":\"\",\"potentialAction\":[{\"@type\":\"SearchAction\",\"target\":{\"@type\":\"EntryPoint\",\"urlTemplate\":\"https:\/\/www.hochleitner.ch\/de\/?s={search_term_string}\"},\"query-input\":\"required name=search_term_string\"}],\"inLanguage\":\"de\"}]}<\/script>\n<!-- \/ Yoast SEO plugin. -->","yoast_head_json":{"title":"Leitbild | Unternehmen | Hochleitner AG","description":"Forst- und Waldwirtschaftsfachleute vertrauen in den verschiedensten Bereichen auf unsere langj\u00e4hrige forstliche Praxis ...","robots":{"index":"index","follow":"follow","max-snippet":"max-snippet:-1","max-image-preview":"max-image-preview:large","max-video-preview":"max-video-preview:-1"},"canonical":"https:\/\/www.hochleitner.ch\/de\/unternehmen\/leitbild\/","og_locale":"de_DE","og_type":"article","og_title":"Leitbild | Unternehmen | Hochleitner AG","og_description":"Forst- und Waldwirtschaftsfachleute vertrauen in den verschiedensten Bereichen auf unsere langj\u00e4hrige forstliche Praxis ...","og_url":"https:\/\/www.hochleitner.ch\/de\/unternehmen\/leitbild\/","og_site_name":"Hochleitner AG","article_modified_time":"2019-10-24T14:23:15+00:00","twitter_card":"summary_large_image","twitter_misc":{"Gesch\u00e4tzte Lesezeit":"1\u00a0Minute"},"schema":{"@context":"https:\/\/schema.org","@graph":[{"@type":"WebPage","@id":"https:\/\/www.hochleitner.ch\/de\/unternehmen\/leitbild\/","url":"https:\/\/www.hochleitner.ch\/de\/unternehmen\/leitbild\/","name":"Leitbild | Unternehmen | Hochleitner AG","isPartOf":{"@id":"https:\/\/www.hochleitner.ch\/de\/#website"},"datePublished":"2019-07-16T13:47:19+00:00","dateModified":"2019-10-24T14:23:15+00:00","description":"Forst- und Waldwirtschaftsfachleute vertrauen in den verschiedensten Bereichen auf unsere langj\u00e4hrige forstliche Praxis ...","breadcrumb":{"@id":"https:\/\/www.hochleitner.ch\/de\/unternehmen\/leitbild\/#breadcrumb"},"inLanguage":"de","potentialAction":[{"@type":"ReadAction","target":["https:\/\/www.hochleitner.ch\/de\/unternehmen\/leitbild\/"]}]},{"@type":"BreadcrumbList","@id":"https:\/\/www.hochleitner.ch\/de\/unternehmen\/leitbild\/#breadcrumb","itemListElement":[{"@type":"ListItem","position":1,"name":"Home","item":"https:\/\/www.hochleitner.ch\/de\/"},{"@type":"ListItem","position":2,"name":"Unternehmen","item":"https:\/\/www.hochleitner.ch\/de\/unternehmen\/"},{"@type":"ListItem","position":3,"name":"Leitbild"}]},{"@type":"WebSite","@id":"https:\/\/www.hochleitner.ch\/de\/#website","url":"https:\/\/www.hochleitner.ch\/de\/","name":"Hochleitner AG","description":"","potentialAction":[{"@type":"SearchAction","target":{"@type":"EntryPoint","urlTemplate":"https:\/\/www.hochleitner.ch\/de\/?s={search_term_string}"},"query-input":"required name=search_term_string"}],"inLanguage":"de"}]}},"_links":{"self":[{"href":"https:\/\/www.hochleitner.ch\/de\/wp-json\/wp\/v2\/pages\/5547"}],"collection":[{"href":"https:\/\/www.hochleitner.ch\/de\/wp-json\/wp\/v2\/pages"}],"about":[{"href":"https:\/\/www.hochleitner.ch\/de\/wp-json\/wp\/v2\/types\/page"}],"author":[{"embeddable":true,"href":"https:\/\/www.hochleitner.ch\/de\/wp-json\/wp\/v2\/users\/10"}],"replies":[{"embeddable":true,"href":"https:\/\/www.hochleitner.ch\/de\/wp-json\/wp\/v2\/comments?post=5547"}],"version-history":[{"count":2,"href":"https:\/\/www.hochleitner.ch\/de\/wp-json\/wp\/v2\/pages\/5547\/revisions"}],"predecessor-version":[{"id":5750,"href":"https:\/\/www.hochleitner.ch\/de\/wp-json\/wp\/v2\/pages\/5547\/revisions\/5750"}],"up":[{"embeddable":true,"href":"https:\/\/www.hochleitner.ch\/de\/wp-json\/wp\/v2\/pages\/5539"}],"wp:attachment":[{"href":"https:\/\/www.hochleitner.ch\/de\/wp-json\/wp\/v2\/media?parent=5547"}],"curies":[{"name":"wp","href":"https:\/\/api.w.org\/{rel}","templated":true}]}}