{"id":5527,"date":"2019-07-02T09:34:11","date_gmt":"2019-07-02T07:34:11","guid":{"rendered":"http:\/\/beta.hochleitner.ch\/?page_id=5527"},"modified":"2019-09-30T14:56:29","modified_gmt":"2019-09-30T12:56:29","slug":"rundholz-transport","status":"publish","type":"page","link":"https:\/\/www.hochleitner.ch\/de\/rundholz-transport\/","title":{"rendered":"Rundholz Transport"},"content":{"rendered":"<div id=\"cs-content\" class=\"cs-content\"><\/div>\n","protected":false},"excerpt":{"rendered":"<p>Effiziente RundholztransporteWir verf\u00fcgen \u00fcber eine umfassende Transportinfrastruktur, die uns die n\u00f6tige Mobilit\u00e4t und Flexibilit\u00e4t verleiht. Dank firmeneigenem Transportsystem wickeln wir Auftr\u00e4ge rasch und termingerecht ab. Optimierung der Holzabfuhr: Wir sorgen daf\u00fcr, dass das geerntete Holz in der bestm\u00f6glichen Qualit\u00e4t im richtigen Zeitpunkt zum Verarbeiter kommt.Bereitstellung von Rundholz f\u00fcr die HolzindustrieIn der Rundholzlogistik arbeiten wir mit langj\u00e4hrigen Partnern zusammen. Wir transportieren &#8230; <a href=\"https:\/\/www.hochleitner.ch\/de\/rundholz-transport\/\" class=\"more-link\">Read More<\/a><\/p>\n","protected":false},"author":10,"featured_media":0,"parent":0,"menu_order":0,"comment_status":"closed","ping_status":"closed","template":"template-blank-4.php","meta":{"footnotes":""},"yoast_head":"<!-- This site is optimized with the Yoast SEO plugin v21.3 - https:\/\/yoast.com\/wordpress\/plugins\/seo\/ -->\n<title>Rundholz Transport | Hochleitner AG<\/title>\n<meta name=\"description\" content=\"Effiziente Rundholztransporte Wir verf\u00fcgen \u00fcber eine umfassende Transportinfrastruktur, die uns die n\u00f6tige Mobilit\u00e4t und Flexibilit\u00e4t verleiht.\" \/>\n<meta name=\"robots\" content=\"index, follow, max-snippet:-1, max-image-preview:large, max-video-preview:-1\" \/>\n<link rel=\"canonical\" href=\"https:\/\/www.hochleitner.ch\/de\/rundholz-transport\/\" \/>\n<meta property=\"og:locale\" content=\"de_DE\" \/>\n<meta property=\"og:type\" content=\"article\" \/>\n<meta property=\"og:title\" content=\"Rundholz Transport | Hochleitner AG\" \/>\n<meta property=\"og:description\" content=\"Effiziente Rundholztransporte Wir verf\u00fcgen \u00fcber eine umfassende Transportinfrastruktur, die uns die n\u00f6tige Mobilit\u00e4t und Flexibilit\u00e4t verleiht.\" \/>\n<meta property=\"og:url\" content=\"https:\/\/www.hochleitner.ch\/de\/rundholz-transport\/\" \/>\n<meta property=\"og:site_name\" content=\"Hochleitner AG\" \/>\n<meta property=\"article:modified_time\" content=\"2019-09-30T12:56:29+00:00\" \/>\n<meta name=\"twitter:card\" content=\"summary_large_image\" \/>\n<meta name=\"twitter:label1\" content=\"Gesch\u00e4tzte Lesezeit\" \/>\n\t<meta name=\"twitter:data1\" content=\"2\u00a0Minuten\" \/>\n<script type=\"application\/ld+json\" class=\"yoast-schema-graph\">{\"@context\":\"https:\/\/schema.org\",\"@graph\":[{\"@type\":\"WebPage\",\"@id\":\"https:\/\/www.hochleitner.ch\/de\/rundholz-transport\/\",\"url\":\"https:\/\/www.hochleitner.ch\/de\/rundholz-transport\/\",\"name\":\"Rundholz Transport | Hochleitner AG\",\"isPartOf\":{\"@id\":\"https:\/\/www.hochleitner.ch\/de\/#website\"},\"datePublished\":\"2019-07-02T07:34:11+00:00\",\"dateModified\":\"2019-09-30T12:56:29+00:00\",\"description\":\"Effiziente Rundholztransporte Wir verf\u00fcgen \u00fcber eine umfassende Transportinfrastruktur, die uns die n\u00f6tige Mobilit\u00e4t und Flexibilit\u00e4t verleiht.\",\"breadcrumb\":{\"@id\":\"https:\/\/www.hochleitner.ch\/de\/rundholz-transport\/#breadcrumb\"},\"inLanguage\":\"de\",\"potentialAction\":[{\"@type\":\"ReadAction\",\"target\":[\"https:\/\/www.hochleitner.ch\/de\/rundholz-transport\/\"]}]},{\"@type\":\"BreadcrumbList\",\"@id\":\"https:\/\/www.hochleitner.ch\/de\/rundholz-transport\/#breadcrumb\",\"itemListElement\":[{\"@type\":\"ListItem\",\"position\":1,\"name\":\"Home\",\"item\":\"https:\/\/www.hochleitner.ch\/de\/\"},{\"@type\":\"ListItem\",\"position\":2,\"name\":\"Rundholz Transport\"}]},{\"@type\":\"WebSite\",\"@id\":\"https:\/\/www.hochleitner.ch\/de\/#website\",\"url\":\"https:\/\/www.hochleitner.ch\/de\/\",\"name\":\"Hochleitner AG\",\"description\":\"\",\"potentialAction\":[{\"@type\":\"SearchAction\",\"target\":{\"@type\":\"EntryPoint\",\"urlTemplate\":\"https:\/\/www.hochleitner.ch\/de\/?s={search_term_string}\"},\"query-input\":\"required name=search_term_string\"}],\"inLanguage\":\"de\"}]}<\/script>\n<!-- \/ Yoast SEO plugin. -->","yoast_head_json":{"title":"Rundholz Transport | Hochleitner AG","description":"Effiziente Rundholztransporte Wir verf\u00fcgen \u00fcber eine umfassende Transportinfrastruktur, die uns die n\u00f6tige Mobilit\u00e4t und Flexibilit\u00e4t verleiht.","robots":{"index":"index","follow":"follow","max-snippet":"max-snippet:-1","max-image-preview":"max-image-preview:large","max-video-preview":"max-video-preview:-1"},"canonical":"https:\/\/www.hochleitner.ch\/de\/rundholz-transport\/","og_locale":"de_DE","og_type":"article","og_title":"Rundholz Transport | Hochleitner AG","og_description":"Effiziente Rundholztransporte Wir verf\u00fcgen \u00fcber eine umfassende Transportinfrastruktur, die uns die n\u00f6tige Mobilit\u00e4t und Flexibilit\u00e4t verleiht.","og_url":"https:\/\/www.hochleitner.ch\/de\/rundholz-transport\/","og_site_name":"Hochleitner AG","article_modified_time":"2019-09-30T12:56:29+00:00","twitter_card":"summary_large_image","twitter_misc":{"Gesch\u00e4tzte Lesezeit":"2\u00a0Minuten"},"schema":{"@context":"https:\/\/schema.org","@graph":[{"@type":"WebPage","@id":"https:\/\/www.hochleitner.ch\/de\/rundholz-transport\/","url":"https:\/\/www.hochleitner.ch\/de\/rundholz-transport\/","name":"Rundholz Transport | Hochleitner AG","isPartOf":{"@id":"https:\/\/www.hochleitner.ch\/de\/#website"},"datePublished":"2019-07-02T07:34:11+00:00","dateModified":"2019-09-30T12:56:29+00:00","description":"Effiziente Rundholztransporte Wir verf\u00fcgen \u00fcber eine umfassende Transportinfrastruktur, die uns die n\u00f6tige Mobilit\u00e4t und Flexibilit\u00e4t verleiht.","breadcrumb":{"@id":"https:\/\/www.hochleitner.ch\/de\/rundholz-transport\/#breadcrumb"},"inLanguage":"de","potentialAction":[{"@type":"ReadAction","target":["https:\/\/www.hochleitner.ch\/de\/rundholz-transport\/"]}]},{"@type":"BreadcrumbList","@id":"https:\/\/www.hochleitner.ch\/de\/rundholz-transport\/#breadcrumb","itemListElement":[{"@type":"ListItem","position":1,"name":"Home","item":"https:\/\/www.hochleitner.ch\/de\/"},{"@type":"ListItem","position":2,"name":"Rundholz Transport"}]},{"@type":"WebSite","@id":"https:\/\/www.hochleitner.ch\/de\/#website","url":"https:\/\/www.hochleitner.ch\/de\/","name":"Hochleitner AG","description":"","potentialAction":[{"@type":"SearchAction","target":{"@type":"EntryPoint","urlTemplate":"https:\/\/www.hochleitner.ch\/de\/?s={search_term_string}"},"query-input":"required name=search_term_string"}],"inLanguage":"de"}]}},"_links":{"self":[{"href":"https:\/\/www.hochleitner.ch\/de\/wp-json\/wp\/v2\/pages\/5527"}],"collection":[{"href":"https:\/\/www.hochleitner.ch\/de\/wp-json\/wp\/v2\/pages"}],"about":[{"href":"https:\/\/www.hochleitner.ch\/de\/wp-json\/wp\/v2\/types\/page"}],"author":[{"embeddable":true,"href":"https:\/\/www.hochleitner.ch\/de\/wp-json\/wp\/v2\/users\/10"}],"replies":[{"embeddable":true,"href":"https:\/\/www.hochleitner.ch\/de\/wp-json\/wp\/v2\/comments?post=5527"}],"version-history":[{"count":13,"href":"https:\/\/www.hochleitner.ch\/de\/wp-json\/wp\/v2\/pages\/5527\/revisions"}],"predecessor-version":[{"id":5744,"href":"https:\/\/www.hochleitner.ch\/de\/wp-json\/wp\/v2\/pages\/5527\/revisions\/5744"}],"wp:attachment":[{"href":"https:\/\/www.hochleitner.ch\/de\/wp-json\/wp\/v2\/media?parent=5527"}],"curies":[{"name":"wp","href":"https:\/\/api.w.org\/{rel}","templated":true}]}}