{"id":5522,"date":"2019-07-02T08:57:02","date_gmt":"2019-07-02T06:57:02","guid":{"rendered":"http:\/\/beta.hochleitner.ch\/?page_id=5522"},"modified":"2019-09-30T14:54:39","modified_gmt":"2019-09-30T12:54:39","slug":"ruecken-mit-skidder","status":"publish","type":"page","link":"https:\/\/www.hochleitner.ch\/de\/forstwirtschaft-holzernte\/ruecken-mit-skidder\/","title":{"rendered":"R\u00fccken mit Skidder"},"content":{"rendered":"<div id=\"cs-content\" class=\"cs-content\"><\/div>\n","protected":false},"excerpt":{"rendered":"<p>Holzr&uuml;cken mit SkidderTransport des geernteten Holzes aus dem Bestand &uuml;ber R&uuml;ckewege zu LKW-befahrbaren Waldwegen. Vorteile auf einen Blick:Bestands- und bodenschonende ArbeitsweiseNiedrige Bodenverdichtung, dadurch geringere Waldflursch\u00e4den Durchforstungsspezialist mit langj\u00e4hriger Erfahrung | | \u00a9 Hochleitner AG, alle Rechte vorbehalten.Impressum Datenschutzerkl\u00e4rungHochleitner AG 3237 Br\u00fcttelen \/ Schweiz Tel: +41 (0)32 313 13 65 Hochleitner SA 1908 Riddes \/ Suisse T\u00e9l. +41 (0)27 306 43 &#8230; <a href=\"https:\/\/www.hochleitner.ch\/de\/forstwirtschaft-holzernte\/ruecken-mit-skidder\/\" class=\"more-link\">Read More<\/a><\/p>\n","protected":false},"author":10,"featured_media":0,"parent":2570,"menu_order":0,"comment_status":"closed","ping_status":"closed","template":"template-blank-4.php","meta":{"footnotes":""},"yoast_head":"<!-- This site is optimized with the Yoast SEO plugin v21.3 - https:\/\/yoast.com\/wordpress\/plugins\/seo\/ -->\n<title>R\u00fccken mit dem Skidder | Hochleitner AG<\/title>\n<meta name=\"description\" content=\"R\u00fccken mit dem Skidder. Transport des geernteten Holzes aus dem Bestand \u00fcber R\u00fcckewege zu LKW-befahrbaren Waldwegen. Hochleitner A G\" \/>\n<meta name=\"robots\" content=\"index, follow, max-snippet:-1, max-image-preview:large, max-video-preview:-1\" \/>\n<link rel=\"canonical\" href=\"https:\/\/www.hochleitner.ch\/de\/forstwirtschaft-holzernte\/ruecken-mit-skidder\/\" \/>\n<meta property=\"og:locale\" content=\"de_DE\" \/>\n<meta property=\"og:type\" content=\"article\" \/>\n<meta property=\"og:title\" content=\"R\u00fccken mit dem Skidder | Hochleitner AG\" \/>\n<meta property=\"og:description\" content=\"R\u00fccken mit dem Skidder. Transport des geernteten Holzes aus dem Bestand \u00fcber R\u00fcckewege zu LKW-befahrbaren Waldwegen. Hochleitner A G\" \/>\n<meta property=\"og:url\" content=\"https:\/\/www.hochleitner.ch\/de\/forstwirtschaft-holzernte\/ruecken-mit-skidder\/\" \/>\n<meta property=\"og:site_name\" content=\"Hochleitner AG\" \/>\n<meta property=\"article:modified_time\" content=\"2019-09-30T12:54:39+00:00\" \/>\n<meta name=\"twitter:card\" content=\"summary_large_image\" \/>\n<meta name=\"twitter:label1\" content=\"Gesch\u00e4tzte Lesezeit\" \/>\n\t<meta name=\"twitter:data1\" content=\"1\u00a0Minute\" \/>\n<script type=\"application\/ld+json\" class=\"yoast-schema-graph\">{\"@context\":\"https:\/\/schema.org\",\"@graph\":[{\"@type\":\"WebPage\",\"@id\":\"https:\/\/www.hochleitner.ch\/de\/forstwirtschaft-holzernte\/ruecken-mit-skidder\/\",\"url\":\"https:\/\/www.hochleitner.ch\/de\/forstwirtschaft-holzernte\/ruecken-mit-skidder\/\",\"name\":\"R\u00fccken mit dem Skidder | Hochleitner AG\",\"isPartOf\":{\"@id\":\"https:\/\/www.hochleitner.ch\/de\/#website\"},\"datePublished\":\"2019-07-02T06:57:02+00:00\",\"dateModified\":\"2019-09-30T12:54:39+00:00\",\"description\":\"R\u00fccken mit dem Skidder. Transport des geernteten Holzes aus dem Bestand \u00fcber R\u00fcckewege zu LKW-befahrbaren Waldwegen. Hochleitner A G\",\"breadcrumb\":{\"@id\":\"https:\/\/www.hochleitner.ch\/de\/forstwirtschaft-holzernte\/ruecken-mit-skidder\/#breadcrumb\"},\"inLanguage\":\"de\",\"potentialAction\":[{\"@type\":\"ReadAction\",\"target\":[\"https:\/\/www.hochleitner.ch\/de\/forstwirtschaft-holzernte\/ruecken-mit-skidder\/\"]}]},{\"@type\":\"BreadcrumbList\",\"@id\":\"https:\/\/www.hochleitner.ch\/de\/forstwirtschaft-holzernte\/ruecken-mit-skidder\/#breadcrumb\",\"itemListElement\":[{\"@type\":\"ListItem\",\"position\":1,\"name\":\"Home\",\"item\":\"https:\/\/www.hochleitner.ch\/de\/\"},{\"@type\":\"ListItem\",\"position\":2,\"name\":\"Forstwirtschaft Holzernte\",\"item\":\"https:\/\/www.hochleitner.ch\/de\/forstwirtschaft-holzernte\/\"},{\"@type\":\"ListItem\",\"position\":3,\"name\":\"R\u00fccken mit Skidder\"}]},{\"@type\":\"WebSite\",\"@id\":\"https:\/\/www.hochleitner.ch\/de\/#website\",\"url\":\"https:\/\/www.hochleitner.ch\/de\/\",\"name\":\"Hochleitner AG\",\"description\":\"\",\"potentialAction\":[{\"@type\":\"SearchAction\",\"target\":{\"@type\":\"EntryPoint\",\"urlTemplate\":\"https:\/\/www.hochleitner.ch\/de\/?s={search_term_string}\"},\"query-input\":\"required name=search_term_string\"}],\"inLanguage\":\"de\"}]}<\/script>\n<!-- \/ Yoast SEO plugin. -->","yoast_head_json":{"title":"R\u00fccken mit dem Skidder | Hochleitner AG","description":"R\u00fccken mit dem Skidder. Transport des geernteten Holzes aus dem Bestand \u00fcber R\u00fcckewege zu LKW-befahrbaren Waldwegen. Hochleitner A G","robots":{"index":"index","follow":"follow","max-snippet":"max-snippet:-1","max-image-preview":"max-image-preview:large","max-video-preview":"max-video-preview:-1"},"canonical":"https:\/\/www.hochleitner.ch\/de\/forstwirtschaft-holzernte\/ruecken-mit-skidder\/","og_locale":"de_DE","og_type":"article","og_title":"R\u00fccken mit dem Skidder | Hochleitner AG","og_description":"R\u00fccken mit dem Skidder. Transport des geernteten Holzes aus dem Bestand \u00fcber R\u00fcckewege zu LKW-befahrbaren Waldwegen. Hochleitner A G","og_url":"https:\/\/www.hochleitner.ch\/de\/forstwirtschaft-holzernte\/ruecken-mit-skidder\/","og_site_name":"Hochleitner AG","article_modified_time":"2019-09-30T12:54:39+00:00","twitter_card":"summary_large_image","twitter_misc":{"Gesch\u00e4tzte Lesezeit":"1\u00a0Minute"},"schema":{"@context":"https:\/\/schema.org","@graph":[{"@type":"WebPage","@id":"https:\/\/www.hochleitner.ch\/de\/forstwirtschaft-holzernte\/ruecken-mit-skidder\/","url":"https:\/\/www.hochleitner.ch\/de\/forstwirtschaft-holzernte\/ruecken-mit-skidder\/","name":"R\u00fccken mit dem Skidder | Hochleitner AG","isPartOf":{"@id":"https:\/\/www.hochleitner.ch\/de\/#website"},"datePublished":"2019-07-02T06:57:02+00:00","dateModified":"2019-09-30T12:54:39+00:00","description":"R\u00fccken mit dem Skidder. Transport des geernteten Holzes aus dem Bestand \u00fcber R\u00fcckewege zu LKW-befahrbaren Waldwegen. Hochleitner A G","breadcrumb":{"@id":"https:\/\/www.hochleitner.ch\/de\/forstwirtschaft-holzernte\/ruecken-mit-skidder\/#breadcrumb"},"inLanguage":"de","potentialAction":[{"@type":"ReadAction","target":["https:\/\/www.hochleitner.ch\/de\/forstwirtschaft-holzernte\/ruecken-mit-skidder\/"]}]},{"@type":"BreadcrumbList","@id":"https:\/\/www.hochleitner.ch\/de\/forstwirtschaft-holzernte\/ruecken-mit-skidder\/#breadcrumb","itemListElement":[{"@type":"ListItem","position":1,"name":"Home","item":"https:\/\/www.hochleitner.ch\/de\/"},{"@type":"ListItem","position":2,"name":"Forstwirtschaft Holzernte","item":"https:\/\/www.hochleitner.ch\/de\/forstwirtschaft-holzernte\/"},{"@type":"ListItem","position":3,"name":"R\u00fccken mit Skidder"}]},{"@type":"WebSite","@id":"https:\/\/www.hochleitner.ch\/de\/#website","url":"https:\/\/www.hochleitner.ch\/de\/","name":"Hochleitner AG","description":"","potentialAction":[{"@type":"SearchAction","target":{"@type":"EntryPoint","urlTemplate":"https:\/\/www.hochleitner.ch\/de\/?s={search_term_string}"},"query-input":"required name=search_term_string"}],"inLanguage":"de"}]}},"_links":{"self":[{"href":"https:\/\/www.hochleitner.ch\/de\/wp-json\/wp\/v2\/pages\/5522"}],"collection":[{"href":"https:\/\/www.hochleitner.ch\/de\/wp-json\/wp\/v2\/pages"}],"about":[{"href":"https:\/\/www.hochleitner.ch\/de\/wp-json\/wp\/v2\/types\/page"}],"author":[{"embeddable":true,"href":"https:\/\/www.hochleitner.ch\/de\/wp-json\/wp\/v2\/users\/10"}],"replies":[{"embeddable":true,"href":"https:\/\/www.hochleitner.ch\/de\/wp-json\/wp\/v2\/comments?post=5522"}],"version-history":[{"count":6,"href":"https:\/\/www.hochleitner.ch\/de\/wp-json\/wp\/v2\/pages\/5522\/revisions"}],"predecessor-version":[{"id":5742,"href":"https:\/\/www.hochleitner.ch\/de\/wp-json\/wp\/v2\/pages\/5522\/revisions\/5742"}],"up":[{"embeddable":true,"href":"https:\/\/www.hochleitner.ch\/de\/wp-json\/wp\/v2\/pages\/2570"}],"wp:attachment":[{"href":"https:\/\/www.hochleitner.ch\/de\/wp-json\/wp\/v2\/media?parent=5522"}],"curies":[{"name":"wp","href":"https:\/\/api.w.org\/{rel}","templated":true}]}}