{"id":2570,"date":"2017-07-13T11:57:19","date_gmt":"2017-07-13T09:57:19","guid":{"rendered":"http:\/\/beta.hochleitner.ch\/?page_id=2570"},"modified":"2019-09-30T14:52:19","modified_gmt":"2019-09-30T12:52:19","slug":"forstwirtschaft-holzernte","status":"publish","type":"page","link":"https:\/\/www.hochleitner.ch\/de\/forstwirtschaft-holzernte\/","title":{"rendered":"Forstwirtschaft Holzernte"},"content":{"rendered":"<div id=\"cs-content\" class=\"cs-content\"><\/div>\n","protected":false},"excerpt":{"rendered":"<p>Pr&auml;zision und Flexibilit&auml;t in organisatorischen wie auch technischen FragenLeistungsstarke und termingerechte Arbeitsabl&auml;ufeOptimale Bewirtschaftung f&uuml;r zukunftsfitte W&auml;lderWir sind spezialisiert auf hochmechanisierte Holzernte-Eins\u00e4tze in Steilhangbereichen und Flachlagen. Mit unserer leistungsstarken und flexiblen Maschinenausstattung decken wir jeden Kundenbedarf mit der richtigen Technik ab. Durch den Einsatz moderner, leistungsf\u00e4higer Forstspezialmaschinen stehen wir f\u00fcr effiziente und umweltschonende Arbeitsqualit\u00e4t. Betriebseigene fachkundige Teams garantieren hohe Einschlagkapazit\u00e4ten. Datenerfassungssysteme &#8230; <a href=\"https:\/\/www.hochleitner.ch\/de\/forstwirtschaft-holzernte\/\" class=\"more-link\">Read More<\/a><\/p>\n","protected":false},"author":10,"featured_media":0,"parent":0,"menu_order":0,"comment_status":"closed","ping_status":"closed","template":"template-blank-4.php","meta":{"footnotes":""},"yoast_head":"<!-- This site is optimized with the Yoast SEO plugin v21.3 - https:\/\/yoast.com\/wordpress\/plugins\/seo\/ -->\n<title>Hochleitner AG<\/title>\n<meta name=\"robots\" content=\"index, follow, max-snippet:-1, max-image-preview:large, max-video-preview:-1\" \/>\n<link rel=\"canonical\" href=\"https:\/\/www.hochleitner.ch\/de\/forstwirtschaft-holzernte\/\" \/>\n<meta property=\"og:locale\" content=\"de_DE\" \/>\n<meta property=\"og:type\" content=\"article\" \/>\n<meta property=\"og:title\" content=\"Hochleitner AG\" \/>\n<meta property=\"og:description\" content=\"Pr&auml;zision und Flexibilit&auml;t in organisatorischen wie auch technischen FragenLeistungsstarke und termingerechte Arbeitsabl&auml;ufeOptimale Bewirtschaftung f&uuml;r zukunftsfitte W&auml;lderWir sind spezialisiert auf hochmechanisierte Holzernte-Eins\u00e4tze in Steilhangbereichen und Flachlagen. Mit unserer leistungsstarken und flexiblen Maschinenausstattung decken wir jeden Kundenbedarf mit der richtigen Technik ab. Durch den Einsatz moderner, leistungsf\u00e4higer Forstspezialmaschinen stehen wir f\u00fcr effiziente und umweltschonende Arbeitsqualit\u00e4t. Betriebseigene fachkundige Teams garantieren hohe Einschlagkapazit\u00e4ten. Datenerfassungssysteme ... Read More\" \/>\n<meta property=\"og:url\" content=\"https:\/\/www.hochleitner.ch\/de\/forstwirtschaft-holzernte\/\" \/>\n<meta property=\"og:site_name\" content=\"Hochleitner AG\" \/>\n<meta property=\"article:modified_time\" content=\"2019-09-30T12:52:19+00:00\" \/>\n<meta name=\"twitter:card\" content=\"summary_large_image\" \/>\n<meta name=\"twitter:label1\" content=\"Gesch\u00e4tzte Lesezeit\" \/>\n\t<meta name=\"twitter:data1\" content=\"1\u00a0Minute\" \/>\n<script type=\"application\/ld+json\" class=\"yoast-schema-graph\">{\"@context\":\"https:\/\/schema.org\",\"@graph\":[{\"@type\":\"WebPage\",\"@id\":\"https:\/\/www.hochleitner.ch\/de\/forstwirtschaft-holzernte\/\",\"url\":\"https:\/\/www.hochleitner.ch\/de\/forstwirtschaft-holzernte\/\",\"name\":\"Hochleitner AG\",\"isPartOf\":{\"@id\":\"https:\/\/www.hochleitner.ch\/de\/#website\"},\"datePublished\":\"2017-07-13T09:57:19+00:00\",\"dateModified\":\"2019-09-30T12:52:19+00:00\",\"breadcrumb\":{\"@id\":\"https:\/\/www.hochleitner.ch\/de\/forstwirtschaft-holzernte\/#breadcrumb\"},\"inLanguage\":\"de\",\"potentialAction\":[{\"@type\":\"ReadAction\",\"target\":[\"https:\/\/www.hochleitner.ch\/de\/forstwirtschaft-holzernte\/\"]}]},{\"@type\":\"BreadcrumbList\",\"@id\":\"https:\/\/www.hochleitner.ch\/de\/forstwirtschaft-holzernte\/#breadcrumb\",\"itemListElement\":[{\"@type\":\"ListItem\",\"position\":1,\"name\":\"Home\",\"item\":\"https:\/\/www.hochleitner.ch\/de\/\"},{\"@type\":\"ListItem\",\"position\":2,\"name\":\"Forstwirtschaft Holzernte\"}]},{\"@type\":\"WebSite\",\"@id\":\"https:\/\/www.hochleitner.ch\/de\/#website\",\"url\":\"https:\/\/www.hochleitner.ch\/de\/\",\"name\":\"Hochleitner AG\",\"description\":\"\",\"potentialAction\":[{\"@type\":\"SearchAction\",\"target\":{\"@type\":\"EntryPoint\",\"urlTemplate\":\"https:\/\/www.hochleitner.ch\/de\/?s={search_term_string}\"},\"query-input\":\"required name=search_term_string\"}],\"inLanguage\":\"de\"}]}<\/script>\n<!-- \/ Yoast SEO plugin. -->","yoast_head_json":{"title":"Hochleitner AG","robots":{"index":"index","follow":"follow","max-snippet":"max-snippet:-1","max-image-preview":"max-image-preview:large","max-video-preview":"max-video-preview:-1"},"canonical":"https:\/\/www.hochleitner.ch\/de\/forstwirtschaft-holzernte\/","og_locale":"de_DE","og_type":"article","og_title":"Hochleitner AG","og_description":"Pr&auml;zision und Flexibilit&auml;t in organisatorischen wie auch technischen FragenLeistungsstarke und termingerechte Arbeitsabl&auml;ufeOptimale Bewirtschaftung f&uuml;r zukunftsfitte W&auml;lderWir sind spezialisiert auf hochmechanisierte Holzernte-Eins\u00e4tze in Steilhangbereichen und Flachlagen. Mit unserer leistungsstarken und flexiblen Maschinenausstattung decken wir jeden Kundenbedarf mit der richtigen Technik ab. Durch den Einsatz moderner, leistungsf\u00e4higer Forstspezialmaschinen stehen wir f\u00fcr effiziente und umweltschonende Arbeitsqualit\u00e4t. Betriebseigene fachkundige Teams garantieren hohe Einschlagkapazit\u00e4ten. Datenerfassungssysteme ... Read More","og_url":"https:\/\/www.hochleitner.ch\/de\/forstwirtschaft-holzernte\/","og_site_name":"Hochleitner AG","article_modified_time":"2019-09-30T12:52:19+00:00","twitter_card":"summary_large_image","twitter_misc":{"Gesch\u00e4tzte Lesezeit":"1\u00a0Minute"},"schema":{"@context":"https:\/\/schema.org","@graph":[{"@type":"WebPage","@id":"https:\/\/www.hochleitner.ch\/de\/forstwirtschaft-holzernte\/","url":"https:\/\/www.hochleitner.ch\/de\/forstwirtschaft-holzernte\/","name":"Hochleitner AG","isPartOf":{"@id":"https:\/\/www.hochleitner.ch\/de\/#website"},"datePublished":"2017-07-13T09:57:19+00:00","dateModified":"2019-09-30T12:52:19+00:00","breadcrumb":{"@id":"https:\/\/www.hochleitner.ch\/de\/forstwirtschaft-holzernte\/#breadcrumb"},"inLanguage":"de","potentialAction":[{"@type":"ReadAction","target":["https:\/\/www.hochleitner.ch\/de\/forstwirtschaft-holzernte\/"]}]},{"@type":"BreadcrumbList","@id":"https:\/\/www.hochleitner.ch\/de\/forstwirtschaft-holzernte\/#breadcrumb","itemListElement":[{"@type":"ListItem","position":1,"name":"Home","item":"https:\/\/www.hochleitner.ch\/de\/"},{"@type":"ListItem","position":2,"name":"Forstwirtschaft Holzernte"}]},{"@type":"WebSite","@id":"https:\/\/www.hochleitner.ch\/de\/#website","url":"https:\/\/www.hochleitner.ch\/de\/","name":"Hochleitner AG","description":"","potentialAction":[{"@type":"SearchAction","target":{"@type":"EntryPoint","urlTemplate":"https:\/\/www.hochleitner.ch\/de\/?s={search_term_string}"},"query-input":"required name=search_term_string"}],"inLanguage":"de"}]}},"_links":{"self":[{"href":"https:\/\/www.hochleitner.ch\/de\/wp-json\/wp\/v2\/pages\/2570"}],"collection":[{"href":"https:\/\/www.hochleitner.ch\/de\/wp-json\/wp\/v2\/pages"}],"about":[{"href":"https:\/\/www.hochleitner.ch\/de\/wp-json\/wp\/v2\/types\/page"}],"author":[{"embeddable":true,"href":"https:\/\/www.hochleitner.ch\/de\/wp-json\/wp\/v2\/users\/10"}],"replies":[{"embeddable":true,"href":"https:\/\/www.hochleitner.ch\/de\/wp-json\/wp\/v2\/comments?post=2570"}],"version-history":[{"count":313,"href":"https:\/\/www.hochleitner.ch\/de\/wp-json\/wp\/v2\/pages\/2570\/revisions"}],"predecessor-version":[{"id":5739,"href":"https:\/\/www.hochleitner.ch\/de\/wp-json\/wp\/v2\/pages\/2570\/revisions\/5739"}],"wp:attachment":[{"href":"https:\/\/www.hochleitner.ch\/de\/wp-json\/wp\/v2\/media?parent=2570"}],"curies":[{"name":"wp","href":"https:\/\/api.w.org\/{rel}","templated":true}]}}